{"id":384,"date":"2023-10-11T14:08:09","date_gmt":"2023-10-11T12:08:09","guid":{"rendered":"https:\/\/beschweren.info\/\/?page_id=384"},"modified":"2023-10-13T12:40:19","modified_gmt":"2023-10-13T10:40:19","slug":"ablauf-verfahren","status":"publish","type":"page","link":"https:\/\/beschweren.info\/?page_id=384","title":{"rendered":"Ablauf \/ Verfahren"},"content":{"rendered":"\t\t<div data-elementor-type=\"wp-page\" data-elementor-id=\"384\" class=\"elementor elementor-384\" data-elementor-settings=\"{&quot;ha_cmc_init_switcher&quot;:&quot;no&quot;}\">\n\t\t\t\t\t\t<section class=\"elementor-section elementor-top-section elementor-element elementor-element-1919a8fd elementor-section-boxed elementor-section-height-default elementor-section-height-default\" data-id=\"1919a8fd\" data-element_type=\"section\" data-e-type=\"section\" data-settings=\"{&quot;_ha_eqh_enable&quot;:false}\">\n\t\t\t\t\t\t<div class=\"elementor-container elementor-column-gap-default\">\n\t\t\t\t\t<div class=\"elementor-column elementor-col-100 elementor-top-column elementor-element elementor-element-19a19df6\" data-id=\"19a19df6\" data-element_type=\"column\" data-e-type=\"column\">\n\t\t\t<div class=\"elementor-widget-wrap elementor-element-populated\">\n\t\t\t\t\t\t<div class=\"elementor-element elementor-element-26dfe495 elementor-invisible elementor-widget elementor-widget-heading\" data-id=\"26dfe495\" data-element_type=\"widget\" data-e-type=\"widget\" data-settings=\"{&quot;_animation&quot;:&quot;fadeInRight&quot;}\" data-widget_type=\"heading.default\">\n\t\t\t\t<div class=\"elementor-widget-container\">\n\t\t\t\t\t<h2 class=\"elementor-heading-title elementor-size-default\">Verfahrensablauf bei internen Meldungen<\/h2>\t\t\t\t<\/div>\n\t\t\t\t<\/div>\n\t\t\t\t<div class=\"elementor-element elementor-element-a60e05d elementor-widget elementor-widget-heading\" data-id=\"a60e05d\" data-element_type=\"widget\" data-e-type=\"widget\" data-widget_type=\"heading.default\">\n\t\t\t\t<div class=\"elementor-widget-container\">\n\t\t\t\t\t<h2 class=\"elementor-heading-title elementor-size-default\">i. R. des \u00a7 17 HinSchG<br \/> in unserer \u201einternen Meldestelle\u201c\u200b<\/h2>\t\t\t\t<\/div>\n\t\t\t\t<\/div>\n\t\t\t\t<div class=\"elementor-element elementor-element-67a5b32c elementor-widget elementor-widget-image\" data-id=\"67a5b32c\" data-element_type=\"widget\" data-e-type=\"widget\" data-widget_type=\"image.default\">\n\t\t\t\t<div class=\"elementor-widget-container\">\n\t\t\t\t\t\t\t\t\t\t\t\t\t\t\t<img decoding=\"async\" width=\"266\" height=\"3\" src=\"https:\/\/beschweren.info\/wp-content\/uploads\/2022\/05\/l2-2.png\" class=\"attachment-large size-large wp-image-74\" alt=\"\" srcset=\"https:\/\/beschweren.info\/wp-content\/uploads\/2022\/05\/l2-2.png 266w, https:\/\/beschweren.info\/wp-content\/uploads\/2022\/05\/l2-2-150x3.png 150w\" sizes=\"(max-width: 266px) 100vw, 266px\" \/>\t\t\t\t\t\t\t\t\t\t\t\t\t\t\t<\/div>\n\t\t\t\t<\/div>\n\t\t\t\t<div class=\"elementor-element elementor-element-7450c0e9 elementor-widget elementor-widget-text-editor\" data-id=\"7450c0e9\" data-element_type=\"widget\" data-e-type=\"widget\" data-widget_type=\"text-editor.default\">\n\t\t\t\t<div class=\"elementor-widget-container\">\n\t\t\t\t\t\t\t\t\t<ol><li>Meldestelle erh\u00e4lt gem. \u00a7 16 HinSchG einen Hinweis<\/li><li>Bereitstellung sicherer und diskreter Meldewege<\/li><li>innerhalb von 7 Tagen gem. \u00a7 17 HinSchG, ist der Eingang des Hinweises, dem Hinweisgeber zu best\u00e4tigen<\/li><li>Pr\u00fcfung des gemeldeten Hinweises auf den sachlichen Anwendungsbereich nach \u00a7 2 HinSchG<\/li><li>Aufrechterhaltung des Kontaktes mit dem Hinweisgeber, ggfs. mit der Bitte um weitere Informationen gem. \u00a717 Abs 1<\/li><li>Pr\u00fcfung der Stichhaltigkeit des Hinweises gem. \u00a717 Abs 1<\/li><li>Ergreifen angemessener Folgema\u00dfnahmen nach \u00a718 HinSchG<\/li><li>Durchf\u00fchrung eigener Ermittlungen zum Hinweis<\/li><li>innerhalb von 3 Monaten nach Best\u00e4tigung des Meldungseingangs, gem. \u00a7 17 Abs. 2 HinSchG, erfolgt R\u00fcckmeldung an den Hinweisgeber<br \/>(R\u00fcckmeldung enth\u00e4lt Informationen zu geplanten oder bereits ergriffenen Folgema\u00dfnahmen, sowie Gr\u00fcnde daf\u00fcr, sofern dadurch keine internen Untersuchungen od. Ermittlungen beeintr\u00e4chtigt werden und Rechte der genannten Personen gewahrt bleiben)<\/li><li>Hinweise werden unter Einhaltung d. Vertraulichkeitsgebotes \u00a7 8 HinSchG dokumentiert<br \/>Dokumentation wird 3 Jahre nach Abschluss d. Verfahrens gel\u00f6scht <br \/>(sofern nicht erforderlich und angemessen, sie zur Bearbeitung d. Hinweises oder anderer Rechtsvorschriften aufzubewahren \u00a711 HinSchG)<\/li><\/ol>\t\t\t\t\t\t\t\t<\/div>\n\t\t\t\t<\/div>\n\t\t\t\t\t<\/div>\n\t\t<\/div>\n\t\t\t\t\t<\/div>\n\t\t<\/section>\n\t\t\t\t<\/div>\n\t\t","protected":false},"excerpt":{"rendered":"<p>Verfahrensablauf bei internen Meldungen i. R. des \u00a7 17 HinSchG in unserer \u201einternen Meldestelle\u201c\u200b Meldestelle erh\u00e4lt gem. \u00a7 16 HinSchG einen Hinweis Bereitstellung sicherer und diskreter Meldewege innerhalb von 7 Tagen gem. \u00a7 17 HinSchG, ist der Eingang des Hinweises, dem Hinweisgeber zu best\u00e4tigen Pr\u00fcfung des gemeldeten Hinweises auf den sachlichen Anwendungsbereich nach \u00a7 2 HinSchG Aufrechterhaltung des Kontaktes mit dem Hinweisgeber, ggfs. mit der Bitte um weitere Informationen gem. \u00a717 Abs 1 Pr\u00fcfung der Stichhaltigkeit des Hinweises gem. \u00a717 Abs 1 Ergreifen angemessener Folgema\u00dfnahmen nach \u00a718 HinSchG Durchf\u00fchrung eigener Ermittlungen zum Hinweis innerhalb von 3 Monaten nach Best\u00e4tigung des Meldungseingangs, gem. \u00a7 17 Abs. 2 HinSchG, erfolgt R\u00fcckmeldung an den Hinweisgeber(R\u00fcckmeldung enth\u00e4lt Informationen zu geplanten oder bereits ergriffenen Folgema\u00dfnahmen, sowie Gr\u00fcnde daf\u00fcr, sofern dadurch keine internen Untersuchungen od. Ermittlungen beeintr\u00e4chtigt werden und Rechte der genannten Personen gewahrt bleiben) Hinweise werden unter Einhaltung d. Vertraulichkeitsgebotes \u00a7 8 HinSchG dokumentiertDokumentation wird 3 Jahre nach Abschluss d. Verfahrens gel\u00f6scht (sofern nicht erforderlich und angemessen, sie zur Bearbeitung d. Hinweises oder anderer Rechtsvorschriften aufzubewahren \u00a711 HinSchG)<\/p>\n","protected":false},"author":1,"featured_media":0,"parent":0,"menu_order":0,"comment_status":"closed","ping_status":"closed","template":"","meta":{"footnotes":"","_links_to":"","_links_to_target":""},"class_list":["post-384","page","type-page","status-publish","hentry"],"_links":{"self":[{"href":"https:\/\/beschweren.info\/index.php?rest_route=\/wp\/v2\/pages\/384","targetHints":{"allow":["GET"]}}],"collection":[{"href":"https:\/\/beschweren.info\/index.php?rest_route=\/wp\/v2\/pages"}],"about":[{"href":"https:\/\/beschweren.info\/index.php?rest_route=\/wp\/v2\/types\/page"}],"author":[{"embeddable":true,"href":"https:\/\/beschweren.info\/index.php?rest_route=\/wp\/v2\/users\/1"}],"replies":[{"embeddable":true,"href":"https:\/\/beschweren.info\/index.php?rest_route=%2Fwp%2Fv2%2Fcomments&post=384"}],"version-history":[{"count":7,"href":"https:\/\/beschweren.info\/index.php?rest_route=\/wp\/v2\/pages\/384\/revisions"}],"predecessor-version":[{"id":500,"href":"https:\/\/beschweren.info\/index.php?rest_route=\/wp\/v2\/pages\/384\/revisions\/500"}],"wp:attachment":[{"href":"https:\/\/beschweren.info\/index.php?rest_route=%2Fwp%2Fv2%2Fmedia&parent=384"}],"curies":[{"name":"wp","href":"https:\/\/api.w.org\/{rel}","templated":true}]}}