{"id":388,"date":"2023-10-11T14:09:02","date_gmt":"2023-10-11T12:09:02","guid":{"rendered":"https:\/\/beschweren.info\/\/?page_id=388"},"modified":"2024-07-23T10:30:12","modified_gmt":"2024-07-23T08:30:12","slug":"fort-und-weiterbildungen","status":"publish","type":"page","link":"https:\/\/beschweren.info\/?page_id=388","title":{"rendered":"Fort- und Weiterbildungen"},"content":{"rendered":"\t\t<div data-elementor-type=\"wp-page\" data-elementor-id=\"388\" class=\"elementor elementor-388\" data-elementor-settings=\"{&quot;ha_cmc_init_switcher&quot;:&quot;no&quot;}\">\n\t\t\t\t\t\t<section class=\"elementor-section elementor-top-section elementor-element elementor-element-7132cfd2 elementor-section-boxed elementor-section-height-default elementor-section-height-default\" data-id=\"7132cfd2\" data-element_type=\"section\" data-e-type=\"section\" data-settings=\"{&quot;_ha_eqh_enable&quot;:false}\">\n\t\t\t\t\t\t<div class=\"elementor-container elementor-column-gap-default\">\n\t\t\t\t\t<div class=\"elementor-column elementor-col-100 elementor-top-column elementor-element elementor-element-2ea7eb9a\" data-id=\"2ea7eb9a\" data-element_type=\"column\" data-e-type=\"column\">\n\t\t\t<div class=\"elementor-widget-wrap elementor-element-populated\">\n\t\t\t\t\t\t<div class=\"elementor-element elementor-element-54499ed1 elementor-invisible elementor-widget elementor-widget-heading\" data-id=\"54499ed1\" data-element_type=\"widget\" data-e-type=\"widget\" data-settings=\"{&quot;_animation&quot;:&quot;fadeInRight&quot;}\" data-widget_type=\"heading.default\">\n\t\t\t\t<div class=\"elementor-widget-container\">\n\t\t\t\t\t<h2 class=\"elementor-heading-title elementor-size-default\">Fort- und Weiterbildungen<\/h2>\t\t\t\t<\/div>\n\t\t\t\t<\/div>\n\t\t\t\t<div class=\"elementor-element elementor-element-30faee1b elementor-widget elementor-widget-image\" data-id=\"30faee1b\" data-element_type=\"widget\" data-e-type=\"widget\" data-widget_type=\"image.default\">\n\t\t\t\t<div class=\"elementor-widget-container\">\n\t\t\t\t\t\t\t\t\t\t\t\t\t\t\t<img decoding=\"async\" width=\"266\" height=\"3\" src=\"https:\/\/beschweren.info\/wp-content\/uploads\/2022\/05\/l2-2.png\" class=\"attachment-large size-large wp-image-74\" alt=\"\" srcset=\"https:\/\/beschweren.info\/wp-content\/uploads\/2022\/05\/l2-2.png 266w, https:\/\/beschweren.info\/wp-content\/uploads\/2022\/05\/l2-2-150x3.png 150w\" sizes=\"(max-width: 266px) 100vw, 266px\" \/>\t\t\t\t\t\t\t\t\t\t\t\t\t\t\t<\/div>\n\t\t\t\t<\/div>\n\t\t\t\t<div class=\"elementor-element elementor-element-35153a0a elementor-widget elementor-widget-text-editor\" data-id=\"35153a0a\" data-element_type=\"widget\" data-e-type=\"widget\" data-widget_type=\"text-editor.default\">\n\t\t\t\t<div class=\"elementor-widget-container\">\n\t\t\t\t\t\t\t\t\t<p>Sehr geehrte Damen und Herren,<\/p><p>Fort- und Weiterbildungen sind wichtiger Bestandteil von qualit\u00e4tsorientierten Unternehmen. Auch die ZBst bietet hier eigene Seminare an.<br \/>Den Katalog der ZBst finden Sie hier als Anhang. <br \/>Einfach \u00f6ffnen, ausdrucken, ausf\u00fcllen und an uns schicken &#8211; unser B\u00fcro kl\u00e4rt mit Ihnen ihre Termine direkt ab.<\/p><p>Ihr<\/p><p>Jens Frie\u00df<br \/>Leiter der ZBst<\/p>\t\t\t\t\t\t\t\t<\/div>\n\t\t\t\t<\/div>\n\t\t\t\t<div class=\"elementor-element elementor-element-ba2e11f elementor-widget elementor-widget-button\" data-id=\"ba2e11f\" data-element_type=\"widget\" data-e-type=\"widget\" data-widget_type=\"button.default\">\n\t\t\t\t<div class=\"elementor-widget-container\">\n\t\t\t\t\t\t\t\t\t<div class=\"elementor-button-wrapper\">\n\t\t\t\t\t<a class=\"elementor-button elementor-button-link elementor-size-sm\" href=\"https:\/\/beschweren.info\/wp-content\/uploads\/2024\/01\/6.-Rueckfax-Seminare-ZBst-2024.pdf\">\n\t\t\t\t\t\t<span class=\"elementor-button-content-wrapper\">\n\t\t\t\t\t\t\t\t\t<span class=\"elementor-button-text\">Download Katalog<\/span>\n\t\t\t\t\t<\/span>\n\t\t\t\t\t<\/a>\n\t\t\t\t<\/div>\n\t\t\t\t\t\t\t\t<\/div>\n\t\t\t\t<\/div>\n\t\t\t\t\t<\/div>\n\t\t<\/div>\n\t\t\t\t\t<\/div>\n\t\t<\/section>\n\t\t\t\t<\/div>\n\t\t","protected":false},"excerpt":{"rendered":"<p>Fort- und Weiterbildungen Sehr geehrte Damen und Herren, Fort- und Weiterbildungen sind wichtiger Bestandteil von qualit\u00e4tsorientierten Unternehmen. Auch die ZBst bietet hier eigene Seminare an.Den Katalog der ZBst finden Sie hier als Anhang. Einfach \u00f6ffnen, ausdrucken, ausf\u00fcllen und an uns schicken &#8211; unser B\u00fcro kl\u00e4rt mit Ihnen ihre Termine direkt ab. Ihr Jens Frie\u00dfLeiter der ZBst Download Katalog<\/p>\n","protected":false},"author":1,"featured_media":0,"parent":0,"menu_order":0,"comment_status":"closed","ping_status":"closed","template":"","meta":{"footnotes":"","_links_to":"","_links_to_target":""},"class_list":["post-388","page","type-page","status-publish","hentry"],"_links":{"self":[{"href":"https:\/\/beschweren.info\/index.php?rest_route=\/wp\/v2\/pages\/388","targetHints":{"allow":["GET"]}}],"collection":[{"href":"https:\/\/beschweren.info\/index.php?rest_route=\/wp\/v2\/pages"}],"about":[{"href":"https:\/\/beschweren.info\/index.php?rest_route=\/wp\/v2\/types\/page"}],"author":[{"embeddable":true,"href":"https:\/\/beschweren.info\/index.php?rest_route=\/wp\/v2\/users\/1"}],"replies":[{"embeddable":true,"href":"https:\/\/beschweren.info\/index.php?rest_route=%2Fwp%2Fv2%2Fcomments&post=388"}],"version-history":[{"count":10,"href":"https:\/\/beschweren.info\/index.php?rest_route=\/wp\/v2\/pages\/388\/revisions"}],"predecessor-version":[{"id":744,"href":"https:\/\/beschweren.info\/index.php?rest_route=\/wp\/v2\/pages\/388\/revisions\/744"}],"wp:attachment":[{"href":"https:\/\/beschweren.info\/index.php?rest_route=%2Fwp%2Fv2%2Fmedia&parent=388"}],"curies":[{"name":"wp","href":"https:\/\/api.w.org\/{rel}","templated":true}]}}