{"id":394,"date":"2023-10-11T14:10:26","date_gmt":"2023-10-11T12:10:26","guid":{"rendered":"https:\/\/beschweren.info\/\/?page_id=394"},"modified":"2024-07-23T10:39:49","modified_gmt":"2024-07-23T08:39:49","slug":"ihr-meldekanal-mail-nummer-fax-persoenlich","status":"publish","type":"page","link":"https:\/\/beschweren.info\/?page_id=394","title":{"rendered":"Unsere Meldekan\u00e4le \u2013 Sie haben einen Hinweis"},"content":{"rendered":"\t\t<div data-elementor-type=\"wp-page\" data-elementor-id=\"394\" class=\"elementor elementor-394\" data-elementor-settings=\"{&quot;ha_cmc_init_switcher&quot;:&quot;no&quot;}\">\n\t\t\t\t\t\t<section class=\"elementor-section elementor-top-section elementor-element elementor-element-47496840 elementor-section-boxed elementor-section-height-default elementor-section-height-default\" data-id=\"47496840\" data-element_type=\"section\" data-e-type=\"section\" data-settings=\"{&quot;_ha_eqh_enable&quot;:false}\">\n\t\t\t\t\t\t<div class=\"elementor-container elementor-column-gap-default\">\n\t\t\t\t\t<div class=\"elementor-column elementor-col-100 elementor-top-column elementor-element elementor-element-592e029a\" data-id=\"592e029a\" data-element_type=\"column\" data-e-type=\"column\">\n\t\t\t<div class=\"elementor-widget-wrap elementor-element-populated\">\n\t\t\t\t\t\t<div class=\"elementor-element elementor-element-7757bf15 elementor-invisible elementor-widget elementor-widget-heading\" data-id=\"7757bf15\" data-element_type=\"widget\" data-e-type=\"widget\" data-settings=\"{&quot;_animation&quot;:&quot;fadeInRight&quot;}\" data-widget_type=\"heading.default\">\n\t\t\t\t<div class=\"elementor-widget-container\">\n\t\t\t\t\t<h2 class=\"elementor-heading-title elementor-size-default\">Unsere Meldekan\u00e4le<\/h2>\t\t\t\t<\/div>\n\t\t\t\t<\/div>\n\t\t\t\t<div class=\"elementor-element elementor-element-2b8c0ad elementor-invisible elementor-widget elementor-widget-heading\" data-id=\"2b8c0ad\" data-element_type=\"widget\" data-e-type=\"widget\" data-settings=\"{&quot;_animation&quot;:&quot;fadeInRight&quot;}\" data-widget_type=\"heading.default\">\n\t\t\t\t<div class=\"elementor-widget-container\">\n\t\t\t\t\t<h3 class=\"elementor-heading-title elementor-size-default\">Sie haben einen Hinweis<\/h3>\t\t\t\t<\/div>\n\t\t\t\t<\/div>\n\t\t\t\t<div class=\"elementor-element elementor-element-320058f6 elementor-widget elementor-widget-image\" data-id=\"320058f6\" data-element_type=\"widget\" data-e-type=\"widget\" data-widget_type=\"image.default\">\n\t\t\t\t<div class=\"elementor-widget-container\">\n\t\t\t\t\t\t\t\t\t\t\t\t\t\t\t<img decoding=\"async\" width=\"266\" height=\"3\" src=\"https:\/\/beschweren.info\/wp-content\/uploads\/2022\/05\/l2-2.png\" class=\"attachment-large size-large wp-image-74\" alt=\"\" srcset=\"https:\/\/beschweren.info\/wp-content\/uploads\/2022\/05\/l2-2.png 266w, https:\/\/beschweren.info\/wp-content\/uploads\/2022\/05\/l2-2-150x3.png 150w\" sizes=\"(max-width: 266px) 100vw, 266px\" \/>\t\t\t\t\t\t\t\t\t\t\t\t\t\t\t<\/div>\n\t\t\t\t<\/div>\n\t\t\t\t<div class=\"elementor-element elementor-element-4687cabd elementor-widget elementor-widget-text-editor\" data-id=\"4687cabd\" data-element_type=\"widget\" data-e-type=\"widget\" data-widget_type=\"text-editor.default\">\n\t\t\t\t<div class=\"elementor-widget-container\">\n\t\t\t\t\t\t\t\t\t<p><strong>Grundsatz ist Sicherheit und Anonymit\u00e4t:<\/strong><\/p><p>Hinweise k\u00f6nnen uns erreichen \u00fcber<\/p><p>1. unsere kostenfreie Rufnummer: 0800. 9191912<br \/>2. Fax: 034202.343029<br \/>3. unsere Mail-Adresse: <a href=\"mailto:kontakt@beschweren.info\">kontakt@beschweren.info<\/a><br \/>4. \u00fcber unsere Homepage: www.beschweren.info<br \/>5. per Post \u00fcber ZBst, Bismarckstr. 01, 04509 Delitzsch<br \/>6. oder pers\u00f6nlich vereinbaren Sie diskret einen Termin \u2013 0172.75972182<\/p><p>Gern k\u00f6nnen Sie hier das Kontaktformular nutzen. Wir melden uns umgehend bei Ihnen. Die EUDSGVO sowie das BDSG werden ber\u00fccksichtigt.<\/p><p>Jens Frie\u00df<br \/>Leiter der ZBst<\/p>\t\t\t\t\t\t\t\t<\/div>\n\t\t\t\t<\/div>\n\t\t\t\t<div class=\"elementor-element elementor-element-77272ff elementor-widget elementor-widget-button\" data-id=\"77272ff\" data-element_type=\"widget\" data-e-type=\"widget\" data-widget_type=\"button.default\">\n\t\t\t\t<div class=\"elementor-widget-container\">\n\t\t\t\t\t\t\t\t\t<div class=\"elementor-button-wrapper\">\n\t\t\t\t\t<a class=\"elementor-button elementor-button-link elementor-size-sm\" href=\"https:\/\/beschweren.info\/wp-content\/uploads\/2023\/10\/9.-Meldeformular.pdf\">\n\t\t\t\t\t\t<span class=\"elementor-button-content-wrapper\">\n\t\t\t\t\t\t\t\t\t<span class=\"elementor-button-text\">Fax-Meldeformular<\/span>\n\t\t\t\t\t<\/span>\n\t\t\t\t\t<\/a>\n\t\t\t\t<\/div>\n\t\t\t\t\t\t\t\t<\/div>\n\t\t\t\t<\/div>\n\t\t\t\t<div class=\"elementor-element elementor-element-df710de elementor-invisible elementor-widget elementor-widget-heading\" data-id=\"df710de\" data-element_type=\"widget\" data-e-type=\"widget\" data-settings=\"{&quot;_animation&quot;:&quot;fadeInRight&quot;}\" data-widget_type=\"heading.default\">\n\t\t\t\t<div class=\"elementor-widget-container\">\n\t\t\t\t\t<h3 class=\"elementor-heading-title elementor-size-default\">Sie haben einen Hinweis<\/h3>\t\t\t\t<\/div>\n\t\t\t\t<\/div>\n\t\t\t\t<div class=\"elementor-element elementor-element-b98c2af elementor-widget elementor-widget-image\" data-id=\"b98c2af\" data-element_type=\"widget\" data-e-type=\"widget\" data-widget_type=\"image.default\">\n\t\t\t\t<div class=\"elementor-widget-container\">\n\t\t\t\t\t\t\t\t\t\t\t\t\t\t\t<img decoding=\"async\" width=\"266\" height=\"3\" src=\"https:\/\/beschweren.info\/wp-content\/uploads\/2022\/05\/l2-2.png\" class=\"attachment-large size-large wp-image-74\" alt=\"\" srcset=\"https:\/\/beschweren.info\/wp-content\/uploads\/2022\/05\/l2-2.png 266w, https:\/\/beschweren.info\/wp-content\/uploads\/2022\/05\/l2-2-150x3.png 150w\" sizes=\"(max-width: 266px) 100vw, 266px\" \/>\t\t\t\t\t\t\t\t\t\t\t\t\t\t\t<\/div>\n\t\t\t\t<\/div>\n\t\t\t\t<div class=\"elementor-element elementor-element-15f72f2 eael-contact-form-7-button-align-left eael-contact-form-7-button-custom elementor-widget elementor-widget-eael-contact-form-7\" data-id=\"15f72f2\" data-element_type=\"widget\" data-e-type=\"widget\" data-widget_type=\"eael-contact-form-7.default\">\n\t\t\t\t<div class=\"elementor-widget-container\">\n\t\t\t\t\t<div class=\"eael-contact-form-7-wrapper\">\n                <div class=\"eael-contact-form eael-contact-form-7 eael-contact-form-15f72f2 placeholder-show eael-contact-form-align-default\">\n<div class=\"wpcf7 no-js\" id=\"wpcf7-f15-o1\" lang=\"de-DE\" dir=\"ltr\" data-wpcf7-id=\"15\">\n<div class=\"screen-reader-response\"><p role=\"status\" aria-live=\"polite\" aria-atomic=\"true\"><\/p> <ul><\/ul><\/div>\n<form action=\"\/index.php?rest_route=%2Fwp%2Fv2%2Fpages%2F394#wpcf7-f15-o1\" method=\"post\" class=\"wpcf7-form init\" aria-label=\"Kontaktformular\" novalidate=\"novalidate\" data-status=\"init\">\n<fieldset class=\"hidden-fields-container\"><input type=\"hidden\" name=\"_wpcf7\" value=\"15\" \/><input type=\"hidden\" name=\"_wpcf7_version\" value=\"6.1.5\" \/><input type=\"hidden\" name=\"_wpcf7_locale\" value=\"de_DE\" \/><input type=\"hidden\" name=\"_wpcf7_unit_tag\" value=\"wpcf7-f15-o1\" \/><input type=\"hidden\" name=\"_wpcf7_container_post\" value=\"0\" \/><input type=\"hidden\" name=\"_wpcf7_posted_data_hash\" value=\"\" \/>\n<\/fieldset>\n<p><label> Ihr Name, Vorname <span class=\"wpcf7-form-control-wrap\" data-name=\"your-name\"><input size=\"40\" maxlength=\"400\" class=\"wpcf7-form-control wpcf7-text\" aria-invalid=\"false\" value=\"\" type=\"text\" name=\"your-name\" \/><\/span> <\/label>\n<\/p>\n<p><label>Ihre Adresse (Stra\u00dfe, HausNr., PLZ, Ort) <span class=\"wpcf7-form-control-wrap\" data-name=\"adresse\"><input size=\"40\" maxlength=\"400\" class=\"wpcf7-form-control wpcf7-text\" aria-invalid=\"false\" value=\"\" type=\"text\" name=\"adresse\" \/><\/span><\/label>\n<\/p>\n<p><label> Ihre E-Mail-Adresse <span class=\"wpcf7-form-control-wrap\" data-name=\"your-email\"><input size=\"40\" maxlength=\"400\" class=\"wpcf7-form-control wpcf7-email wpcf7-text wpcf7-validates-as-email\" aria-invalid=\"false\" value=\"\" type=\"email\" name=\"your-email\" \/><\/span> <\/label>\n<\/p>\n<p><label>Meldung<br \/>\n<span class=\"wpcf7-form-control-wrap\" data-name=\"textarea-bemerkung\"><textarea cols=\"40\" rows=\"10\" maxlength=\"2000\" class=\"wpcf7-form-control wpcf7-textarea\" aria-invalid=\"false\" name=\"textarea-bemerkung\"><\/textarea><\/span><\/label><br \/>\nWenn Sie anonym bleiben m\u00f6chten, geben Sie lediglich ihr Anliegen an.\n<\/p>\n<p><span class=\"wpcf7-form-control-wrap\" data-name=\"your-consent\"><span class=\"wpcf7-form-control wpcf7-acceptance\"><span class=\"wpcf7-list-item\"><label><input type=\"checkbox\" name=\"your-consent\" value=\"1\" aria-invalid=\"false\" \/><span class=\"wpcf7-list-item-label\">Ich habe die <a href=\"https:\/\/beschweren.info\/?page_id=29\">Datenschutzerkl\u00e4rung<\/a> zur Kenntnis genommen. Ich stimme zu, dass meine Angaben und Daten zur Beantwortung meiner Anfrage elektronisch erhoben und gespeichert werden. Diese Einwilligung kann ich jederzeit mit Wirkung f\u00fcr die Zukunft widerrufen, indem ich eine entsprechende Nachricht an kontakt@beschweren.info sende.<\/span><\/label><\/span><\/span><\/span>\n<\/p>\n<p><input class=\"wpcf7-form-control wpcf7-submit has-spinner\" type=\"submit\" value=\"Meldung absenden\" \/>\n<\/p><p style=\"display: none !important;\" class=\"akismet-fields-container\" data-prefix=\"_wpcf7_ak_\"><label>&#916;<textarea name=\"_wpcf7_ak_hp_textarea\" cols=\"45\" rows=\"8\" maxlength=\"100\"><\/textarea><\/label><input type=\"hidden\" id=\"ak_js_1\" name=\"_wpcf7_ak_js\" value=\"173\"\/><script type=\"text\/javascript\">\n\/* <![CDATA[ *\/\ndocument.getElementById( \"ak_js_1\" ).setAttribute( \"value\", ( new Date() ).getTime() );\n\/* ]]> *\/\n<\/script>\n<\/p><div class=\"wpcf7-response-output\" aria-hidden=\"true\"><\/div>\n<\/form>\n<\/div>\n<\/div>\n            <\/div>\t\t\t\t<\/div>\n\t\t\t\t<\/div>\n\t\t\t\t\t<\/div>\n\t\t<\/div>\n\t\t\t\t\t<\/div>\n\t\t<\/section>\n\t\t\t\t<section class=\"elementor-section elementor-top-section elementor-element elementor-element-45f9d75 elementor-section-boxed elementor-section-height-default elementor-section-height-default\" data-id=\"45f9d75\" data-element_type=\"section\" data-e-type=\"section\" data-settings=\"{&quot;_ha_eqh_enable&quot;:false}\">\n\t\t\t\t\t\t<div class=\"elementor-container elementor-column-gap-default\">\n\t\t\t\t\t<div class=\"elementor-column elementor-col-100 elementor-top-column elementor-element elementor-element-33c1a83\" data-id=\"33c1a83\" data-element_type=\"column\" data-e-type=\"column\">\n\t\t\t<div class=\"elementor-widget-wrap elementor-element-populated\">\n\t\t\t\t\t\t<div class=\"elementor-element elementor-element-ce4806d elementor-invisible elementor-widget elementor-widget-heading\" data-id=\"ce4806d\" data-element_type=\"widget\" data-e-type=\"widget\" data-settings=\"{&quot;_animation&quot;:&quot;fadeInRight&quot;}\" data-widget_type=\"heading.default\">\n\t\t\t\t<div class=\"elementor-widget-container\">\n\t\t\t\t\t<h3 class=\"elementor-heading-title elementor-size-default\">Wichtiger Hinweis - Meldung von Verst\u00f6\u00dfen\n\n<\/h3>\t\t\t\t<\/div>\n\t\t\t\t<\/div>\n\t\t\t\t<div class=\"elementor-element elementor-element-2e58bb3 elementor-widget elementor-widget-image\" data-id=\"2e58bb3\" data-element_type=\"widget\" data-e-type=\"widget\" data-widget_type=\"image.default\">\n\t\t\t\t<div class=\"elementor-widget-container\">\n\t\t\t\t\t\t\t\t\t\t\t\t\t\t\t<img decoding=\"async\" width=\"266\" height=\"3\" src=\"https:\/\/beschweren.info\/wp-content\/uploads\/2022\/05\/l2-2.png\" class=\"attachment-large size-large wp-image-74\" alt=\"\" srcset=\"https:\/\/beschweren.info\/wp-content\/uploads\/2022\/05\/l2-2.png 266w, https:\/\/beschweren.info\/wp-content\/uploads\/2022\/05\/l2-2-150x3.png 150w\" sizes=\"(max-width: 266px) 100vw, 266px\" \/>\t\t\t\t\t\t\t\t\t\t\t\t\t\t\t<\/div>\n\t\t\t\t<\/div>\n\t\t\t\t<div class=\"elementor-element elementor-element-2320016 elementor-widget elementor-widget-text-editor\" data-id=\"2320016\" data-element_type=\"widget\" data-e-type=\"widget\" data-widget_type=\"text-editor.default\">\n\t\t\t\t<div class=\"elementor-widget-container\">\n\t\t\t\t\t\t\t\t\t<p>Bei aktuellen Gefahren oder bedrohlichen Situationen wenden Sie sich bitte zuerst an die bekannten Notfallrufnummern oder die n\u00e4chste Polizeidienststelle.<\/p><p>Lesen Sie bitte vor Abgabe einer Meldung die allgemeinen Erkl\u00e4rungen und weiterf\u00fchrenden Informationen auf dieser Internetseite. <br \/>Wir bieten Ihnen vor Abgabe einer Meldung Informationen und Beratung \u00fcber bestehende Abhilfem\u00f6glichkeiten und Verfahren f\u00fcr den Schutz vor Repressalien an.<\/p><p><strong>Bitte beachten Sie:<\/strong> Eine vors\u00e4tzlich unwahre Meldung kann strafrechtliche Konsequenzen haben.<\/p>\t\t\t\t\t\t\t\t<\/div>\n\t\t\t\t<\/div>\n\t\t\t\t\t<\/div>\n\t\t<\/div>\n\t\t\t\t\t<\/div>\n\t\t<\/section>\n\t\t\t\t<\/div>\n\t\t","protected":false},"excerpt":{"rendered":"<p>Unsere Meldekan\u00e4le Sie haben einen Hinweis Grundsatz ist Sicherheit und Anonymit\u00e4t: Hinweise k\u00f6nnen uns erreichen \u00fcber 1. unsere kostenfreie Rufnummer: 0800. 91919122. Fax: 034202.3430293. unsere Mail-Adresse: kontakt@beschweren.info4. \u00fcber unsere Homepage: www.beschweren.info5. per Post \u00fcber ZBst, Bismarckstr. 01, 04509 Delitzsch6. oder pers\u00f6nlich vereinbaren Sie diskret einen Termin \u2013 0172.75972182 Gern k\u00f6nnen Sie hier das Kontaktformular nutzen. Wir melden uns umgehend bei Ihnen. Die EUDSGVO sowie das BDSG werden ber\u00fccksichtigt. Jens Frie\u00dfLeiter der ZBst Fax-Meldeformular Sie haben einen Hinweis Ihr Name, Vorname Ihre Adresse (Stra\u00dfe, HausNr., PLZ, Ort) Ihre E-Mail-Adresse Meldung Wenn Sie anonym bleiben m\u00f6chten, geben Sie lediglich ihr Anliegen an. Ich habe die Datenschutzerkl\u00e4rung zur Kenntnis genommen. Ich stimme zu, dass meine Angaben und Daten zur Beantwortung meiner Anfrage elektronisch erhoben und gespeichert werden. Diese Einwilligung kann ich jederzeit mit Wirkung f\u00fcr die Zukunft widerrufen, indem ich eine entsprechende Nachricht an kontakt@beschweren.info sende. &#916; Wichtiger Hinweis &#8211; Meldung von Verst\u00f6\u00dfen Bei aktuellen Gefahren oder bedrohlichen Situationen wenden Sie sich bitte zuerst an die bekannten Notfallrufnummern oder die n\u00e4chste Polizeidienststelle. Lesen Sie bitte vor Abgabe einer Meldung die allgemeinen Erkl\u00e4rungen und weiterf\u00fchrenden Informationen auf dieser Internetseite. Wir bieten Ihnen vor Abgabe einer Meldung Informationen und Beratung \u00fcber bestehende Abhilfem\u00f6glichkeiten und Verfahren f\u00fcr den Schutz vor Repressalien an. Bitte beachten Sie: Eine vors\u00e4tzlich unwahre Meldung kann strafrechtliche Konsequenzen haben.<\/p>\n","protected":false},"author":1,"featured_media":0,"parent":0,"menu_order":0,"comment_status":"closed","ping_status":"closed","template":"","meta":{"footnotes":"","_links_to":"","_links_to_target":""},"class_list":["post-394","page","type-page","status-publish","hentry"],"_links":{"self":[{"href":"https:\/\/beschweren.info\/index.php?rest_route=\/wp\/v2\/pages\/394","targetHints":{"allow":["GET"]}}],"collection":[{"href":"https:\/\/beschweren.info\/index.php?rest_route=\/wp\/v2\/pages"}],"about":[{"href":"https:\/\/beschweren.info\/index.php?rest_route=\/wp\/v2\/types\/page"}],"author":[{"embeddable":true,"href":"https:\/\/beschweren.info\/index.php?rest_route=\/wp\/v2\/users\/1"}],"replies":[{"embeddable":true,"href":"https:\/\/beschweren.info\/index.php?rest_route=%2Fwp%2Fv2%2Fcomments&post=394"}],"version-history":[{"count":53,"href":"https:\/\/beschweren.info\/index.php?rest_route=\/wp\/v2\/pages\/394\/revisions"}],"predecessor-version":[{"id":765,"href":"https:\/\/beschweren.info\/index.php?rest_route=\/wp\/v2\/pages\/394\/revisions\/765"}],"wp:attachment":[{"href":"https:\/\/beschweren.info\/index.php?rest_route=%2Fwp%2Fv2%2Fmedia&parent=394"}],"curies":[{"name":"wp","href":"https:\/\/api.w.org\/{rel}","templated":true}]}}